{"id":1043,"date":"2021-08-27T14:37:41","date_gmt":"2021-08-27T17:37:41","guid":{"rendered":"https:\/\/plasticosdias.com.br\/site\/?post_type=product&#038;p=1043"},"modified":"2026-03-13T10:50:25","modified_gmt":"2026-03-13T13:50:25","slug":"lona-night-and-day-acrylic-azul-nautico","status":"publish","type":"product","link":"https:\/\/plasticosdias.com.br\/site\/produto\/lona-night-and-day-acrylic-azul-nautico\/","title":{"rendered":"LONA NIGHT AND DAY ACRYLIC AZUL N\u00c1UTICO"},"content":{"rendered":"","protected":false},"excerpt":{"rendered":"<p>Lona Night And Day Acr\u00edlica (n\u00e1utica)<br \/>\nPassagem de luz: M\u00e9dia.<\/p>\n<p>Gramatura: 330g\/m\u00b2<br \/>\nRepel\u00eancia a \u00e1gua: 80cm<br \/>\nLargura do rolo: 1,53m<\/p>\n","protected":false},"featured_media":1044,"template":"","meta":[],"product_brand":[],"product_cat":[29,28],"product_tag":[],"class_list":{"0":"post-1043","1":"product","2":"type-product","3":"status-publish","4":"has-post-thumbnail","6":"product_cat-acrylic","7":"product_cat-lonas-night-and-day","9":"first","10":"instock","11":"shipping-taxable","12":"purchasable","13":"product-type-simple"},"_links":{"self":[{"href":"https:\/\/plasticosdias.com.br\/site\/wp-json\/wp\/v2\/product\/1043","targetHints":{"allow":["GET"]}}],"collection":[{"href":"https:\/\/plasticosdias.com.br\/site\/wp-json\/wp\/v2\/product"}],"about":[{"href":"https:\/\/plasticosdias.com.br\/site\/wp-json\/wp\/v2\/types\/product"}],"wp:featuredmedia":[{"embeddable":true,"href":"https:\/\/plasticosdias.com.br\/site\/wp-json\/wp\/v2\/media\/1044"}],"wp:attachment":[{"href":"https:\/\/plasticosdias.com.br\/site\/wp-json\/wp\/v2\/media?parent=1043"}],"wp:term":[{"taxonomy":"product_brand","embeddable":true,"href":"https:\/\/plasticosdias.com.br\/site\/wp-json\/wp\/v2\/product_brand?post=1043"},{"taxonomy":"product_cat","embeddable":true,"href":"https:\/\/plasticosdias.com.br\/site\/wp-json\/wp\/v2\/product_cat?post=1043"},{"taxonomy":"product_tag","embeddable":true,"href":"https:\/\/plasticosdias.com.br\/site\/wp-json\/wp\/v2\/product_tag?post=1043"}],"curies":[{"name":"wp","href":"https:\/\/api.w.org\/{rel}","templated":true}]}}